{"id":68,"date":"2019-11-23T17:15:48","date_gmt":"2019-11-23T17:15:48","guid":{"rendered":"https:\/\/pancakerecords.de\/?page_id=68"},"modified":"2019-11-23T17:15:48","modified_gmt":"2019-11-23T17:15:48","slug":"anscravallo","status":"publish","type":"page","link":"https:\/\/pancakerecords.de\/index.php\/anscravallo\/","title":{"rendered":"Anscravallo"},"content":{"rendered":"<p>&nbsp;<\/p>\n<p><a title=\"Anscravallo 1\" href=\"http:\/\/www.amazon.de\/s\/ref=nb_sb_noss?__mk_de_DE=\u00c5M\u00c5\u017d\u00d5\u00d1&amp;url=search-alias%3Ddigital-music&amp;field-keywords=Anscravallo&amp;rh=n%3A77195031%2Ck%3AAnscravallo&amp;ajr=0\" target=\"_blank\" rel=\"noopener noreferrer\"><img loading=\"lazy\" decoding=\"async\" class=\"size-full wp-image-118 aligncenter\" src=\"http:\/\/pancakerecords.sublinemusic.com\/wp\/wp-content\/uploads\/2014\/05\/image9.jpg\" alt=\"Anscravallo 1\" width=\"240\" height=\"240\"><\/a><\/p>\n<p>&nbsp;<\/p>\n<p><a title=\"Anscravallo 1und 2\" href=\"http:\/\/www.amazon.de\/s\/ref=nb_sb_noss?__mk_de_DE=\u00c5M\u00c5\u017d\u00d5\u00d1&amp;url=search-alias%3Ddigital-music&amp;field-keywords=Anscravallo&amp;rh=n%3A77195031%2Ck%3AAnscravallo&amp;ajr=0\" target=\"_blank\" rel=\"noopener noreferrer\"><img loading=\"lazy\" decoding=\"async\" class=\"size-full wp-image-106 aligncenter\" src=\"http:\/\/pancakerecords.sublinemusic.com\/wp\/wp-content\/uploads\/2014\/05\/image8.jpg\" alt=\"Amazon\" width=\"142\" height=\"80\"><\/a><\/p>\n<p>&nbsp;<\/p>\n<p><a href=\"http:\/\/pancakerecords.sublinemusic.com\/wp\/wp-content\/uploads\/2014\/05\/image10.jpg\"><img loading=\"lazy\" decoding=\"async\" class=\"size-full wp-image-124 aligncenter\" src=\"http:\/\/pancakerecords.sublinemusic.com\/wp\/wp-content\/uploads\/2014\/05\/image10.jpg\" alt=\"Anscravallo 2\" width=\"240\" height=\"240\"><\/a><\/p>\n<p>Song-Titel K\u00fcnstler Album Zeit Herunterladen<br \/>\nWiedergabe<br \/>\nLas playas Stormy Weather Anscravallo, Vol. 1 2:31<br \/>\nKaufen: EUR 0,99<\/p>\n<p>Wiedergabe<br \/>\nUomo piccolo bello Rossella Anscravallo, Vol. 1 3:01<br \/>\nKaufen: EUR 0,99<\/p>\n<p>Wiedergabe<br \/>\nDie Stadt verschickbar Tarzan Superband Anscravallo Vol 2 4:26<br \/>\nKaufen: EUR 0,99<\/p>\n<p>Wiedergabe<br \/>\nDoch schon 3 versucht Anscravallo, Vol. 1 5:52<br \/>\nKaufen: EUR 0,99<\/p>\n<p>Wiedergabe<br \/>\nApocalypse Psycofarm Anscravallo, Vol. 1 5:37<br \/>\nKaufen: EUR 0,99<\/p>\n<p>Wiedergabe<br \/>\nthe Rising of the Moon Green Hell Anscravallo Vol 2 3:15<br \/>\nKaufen: EUR 0,99<\/p>\n<p>Wiedergabe<br \/>\nIawia Corlee Mad Anscravallo Vol 2 3:52<br \/>\nKaufen: EUR 0,99<\/p>\n<p>Wiedergabe<br \/>\nTherapy House of Pancakes Anscravallo Vol 2 3:10<br \/>\nKaufen: EUR 0,99<\/p>\n<p>Wiedergabe<br \/>\nBlutrausch Das Heimdall Projekt Anscravallo Vol 2 3:26<br \/>\nKaufen: EUR 0,99<\/p>\n<p>Wiedergabe<br \/>\nCosmic Baby Psycofarm Anscravallo, Vol. 1 5:24<br \/>\nKaufen: EUR 0,99<\/p>\n<p>Wiedergabe<br \/>\nBrand New Day Stormy Weather Anscravallo Vol 2 3:53<br \/>\nKaufen: EUR 0,99<\/p>\n<p>Wiedergabe<br \/>\nout of nothing Abigale Anscravallo Vol 2 3:46<br \/>\nKaufen: EUR 0,99<\/p>\n<p>Wiedergabe<br \/>\nFail my Test Gar Krass Anscravallo Vol 2 3:59<br \/>\nKaufen: EUR 0,99<\/p>\n<p>Wiedergabe<br \/>\nBorn in Seattle Daniel Haynes Anscravallo Vol 2 3:25<br \/>\nKaufen: EUR 0,99<\/p>\n<p>Wiedergabe<br \/>\nKanda Atrigenri Anscravallo Vol 2 1:30<br \/>\nKaufen: EUR 0,99<\/p>\n<p>Wiedergabe<br \/>\nGoodnight Andreas Jordan Anscravallo Vol 2 2:31<br \/>\nKaufen: EUR 0,99<\/p>\n<p>Wiedergabe<br \/>\nKnights of Rock Evil Trick Anscravallo, Vol. 1 5:20<br \/>\nKaufen: EUR 0,99<\/p>\n<p>Wiedergabe<br \/>\nEs reicht Tinituz Anscravallo Vol 2 4:18<br \/>\nKaufen: EUR 0,99<\/p>\n<p>Wiedergabe<br \/>\nFar away from home Ludwig thoma jun Anscravallo Vol 2 4:08<br \/>\nKaufen: EUR 0,99<\/p>\n<p>Wiedergabe<br \/>\nIlluminate Headshop Anscravallo, Vol. 1 3:04<br \/>\nKaufen: EUR 0,99<\/p>\n<p>Wiedergabe<br \/>\nDoing Like the Rabbits Stormy Weather Anscravallo, Vol. 1 2:55<br \/>\nKaufen: EUR 0,99<\/p>\n<p>Wiedergabe<br \/>\nAway Sirens Anscravallo Vol 2 5:36<br \/>\nKaufen: EUR 0,99<\/p>\n<p>Wiedergabe<br \/>\nThe Ape &amp; the Sushi Master Banana Butts Anscravallo Vol 2 4:38<br \/>\nKaufen: EUR 0,99<\/p>\n<p>Wiedergabe<br \/>\nDrama &amp; Traenen Sinnhat Anscravallo Vol 2 3:52<br \/>\nKaufen: EUR 0,99<\/p>\n<p>Wiedergabe<br \/>\nLeben in echt Audio AG Anscravallo Vol 2 3:25<br \/>\nKaufen: EUR 0,99<\/p>\n<p>Wiedergabe<br \/>\nPretender Girl Stan or Itchy Anscravallo Vol 2 3:53<br \/>\nKaufen: EUR 0,99<\/p>\n<p>Wiedergabe<br \/>\nDevils Kisses Evil Trick Anscravallo Vol 2 4:21<br \/>\nKaufen: EUR 0,99<\/p>\n<p>Wiedergabe<br \/>\nSun House of Pancakes Anscravallo, Vol. 1 5:09<br \/>\nKaufen: EUR 0,99<\/p>\n<p>Wiedergabe<br \/>\nWarning House of Pancakes Anscravallo, Vol. 1 4:27<br \/>\nKaufen: EUR 0,99<\/p>\n<p>Wiedergabe<br \/>\nCoffee in the Morning so what Anscravallo, Vol. 1 3:46<br \/>\nKaufen: EUR 0,99<\/p>\n<p>Wiedergabe<br \/>\nBehave Your Move Sirens Anscravallo, Vol. 1 5:46<br \/>\nKaufen: EUR 0,99<\/p>\n<p>Wiedergabe<br \/>\nEvery Morning Ludwig Thoma jun. Anscravallo, Vol. 1 2:58<br \/>\nKaufen: EUR 0,99<\/p>\n<p>Wiedergabe<br \/>\nCloser so what Anscravallo, Vol. 1 4:21<br \/>\nKaufen: EUR 0,99<\/p>\n<p>Wiedergabe<br \/>\nDragon Out Sirens Anscravallo, Vol. 1 3:16<br \/>\nKaufen: EUR 0,99<\/p>\n","protected":false},"excerpt":{"rendered":"<p>&nbsp; &nbsp; &nbsp; Song-Titel K\u00fcnstler Album Zeit Herunterladen Wiedergabe Las playas Stormy Weather Anscravallo, Vol. 1 2:31 Kaufen: EUR 0,99 Wiedergabe Uomo piccolo bello Rossella Anscravallo, Vol. 1 3:01 Kaufen: EUR 0,99 Wiedergabe Die Stadt verschickbar Tarzan Superband Anscravallo Vol 2 4:26 Kaufen: EUR 0,99 Wiedergabe Doch schon 3 versucht Anscravallo, Vol. 1 5:52 Kaufen: [&hellip;]<\/p>\n","protected":false},"author":1,"featured_media":0,"parent":0,"menu_order":0,"comment_status":"closed","ping_status":"closed","template":"","meta":{"footnotes":""},"class_list":["post-68","page","type-page","status-publish","hentry"],"_links":{"self":[{"href":"https:\/\/pancakerecords.de\/index.php\/wp-json\/wp\/v2\/pages\/68","targetHints":{"allow":["GET"]}}],"collection":[{"href":"https:\/\/pancakerecords.de\/index.php\/wp-json\/wp\/v2\/pages"}],"about":[{"href":"https:\/\/pancakerecords.de\/index.php\/wp-json\/wp\/v2\/types\/page"}],"author":[{"embeddable":true,"href":"https:\/\/pancakerecords.de\/index.php\/wp-json\/wp\/v2\/users\/1"}],"replies":[{"embeddable":true,"href":"https:\/\/pancakerecords.de\/index.php\/wp-json\/wp\/v2\/comments?post=68"}],"version-history":[{"count":1,"href":"https:\/\/pancakerecords.de\/index.php\/wp-json\/wp\/v2\/pages\/68\/revisions"}],"predecessor-version":[{"id":70,"href":"https:\/\/pancakerecords.de\/index.php\/wp-json\/wp\/v2\/pages\/68\/revisions\/70"}],"wp:attachment":[{"href":"https:\/\/pancakerecords.de\/index.php\/wp-json\/wp\/v2\/media?parent=68"}],"curies":[{"name":"wp","href":"https:\/\/api.w.org\/{rel}","templated":true}]}}